{"id":3769,"date":"2015-05-10T15:02:40","date_gmt":"2015-05-10T13:02:40","guid":{"rendered":"http:\/\/www.hapi-live.com\/mitologia\/?page_id=3769"},"modified":"2020-11-06T22:14:44","modified_gmt":"2020-11-06T21:14:44","slug":"historia-de-la-mitologia","status":"publish","type":"page","link":"https:\/\/www.hapi-live.com\/mitologia\/","title":{"rendered":"Historia de la mitolog\u00eda"},"content":{"rendered":"\n<div class=\"wp-block-image is-style-default\"><figure class=\"aligncenter\"><a href=\"http:\/\/www.hapi-live.com\/mitologia\/wp-content\/uploads\/2013\/08\/foto-mitologia-fuego.jpg\"><img loading=\"lazy\" width=\"600\" height=\"158\" src=\"http:\/\/www.hapi-live.com\/mitologia\/wp-content\/uploads\/2013\/08\/foto-mitologia-fuego.jpg\" alt=\"mitologia\" class=\"wp-image-103\" srcset=\"https:\/\/www.hapi-live.com\/mitologia\/wp-content\/uploads\/2013\/08\/foto-mitologia-fuego.jpg 600w, https:\/\/www.hapi-live.com\/mitologia\/wp-content\/uploads\/2013\/08\/foto-mitologia-fuego-300x79.jpg 300w\" sizes=\"(max-width: 600px) 100vw, 600px\" \/><\/a><\/figure><\/div>\n\n\n\n<p>Nombre que recibe el conjunto de mitos y leyendas referente a las divinidades y h\u00e9roes fabulosos de un pueblo, as\u00ed como la ciencia que tiene por objeto su estudio. Hasta el siglo XVIII los mitos se interpretaban como alegor\u00edas de contenido moral o como s\u00edmbolos de un conjunto de verdades religiosas, pero a partir de la centuria siguiente se emplean m\u00e9todos filol\u00f3gicos y etnogr\u00e1ficos. Es preciso mencionar al ling\u00fcista Max M\u00fcller quien, al realizar un estudio comparado de las mitolog\u00edas indoeuropeas, pens\u00f3 que derivaban de una aria primitiva. Seg\u00fan Dum\u00e9zil, la mitolog\u00eda comparada s\u00f3lo el \u00fatil cuando los datos corresponden a grupos pertenecientes a un mismo trono \u00e9tnico y ling\u00fc\u00edstico. Para el psicoanalista Jung, finalmente, los mitos constituyen una manifestaci\u00f3n del inconsciente colectivo.<\/p>\n\n\n\n<p><span style=\"color: #ff0000;\">2\u00ba DEFINICION<\/span><\/p>\n\n\n\n<p>Estudio cient\u00edfico de los mitos. Al estudio de los mitos aportan su esfuerzo diversas ciencias humanas: antropolog\u00eda, psicolog\u00eda, ling\u00fcista, sociolog\u00eda, folklorismo, etc., sin que haya alcanzado a constituirse en saber aut\u00f3nomo. La mitolog\u00eda en su perspectiva religiosa, hoy predominante, viene a fundirse con la historia comparada de las religiones. El conjunto global o parcial, de los mitos concebidos como objeto de estudio de la mitolog\u00eda<\/p>\n\n\n\n<p><em>bibliografia&nbsp; diccionario enciclop\u00e9dico Salvat Universal 15\u00ba ed 1981<\/em><\/p>\n\n\n\n\n\n<!-- START ADVERTISER: Colvin ES from awin.com -->\n\n<a href=\"https:\/\/www.awin1.com\/cread.php?s=2669049&#038;v=18803&#038;q=382275&#038;r=784753\">\n    <img src=\"https:\/\/www.awin1.com\/cshow.php?s=2669049&#038;v=18803&#038;q=382275&#038;r=784753\" border=\"0\">\n<\/a>\n\n<!-- END ADVERTISER: Colvin ES from awin.com -->\n","protected":false},"excerpt":{"rendered":"<p>Nombre que recibe el conjunto de mitos y leyendas referente a las divinidades y h\u00e9roes fabulosos de un pueblo, as\u00ed como la ciencia que tiene por objeto su estudio. Hasta el siglo XVIII los mitos se interpretaban como alegor\u00edas de contenido moral o como s\u00edmbolos de un conjunto de verdades religiosas, pero a partir de\u2026 <span class=\"read-more\"><a href=\"https:\/\/www.hapi-live.com\/mitologia\/\">Leer m\u00e1s &raquo;<\/a><\/span><\/p>\n","protected":false},"author":1,"featured_media":0,"parent":0,"menu_order":0,"comment_status":"open","ping_status":"open","template":"","meta":[],"_links":{"self":[{"href":"https:\/\/www.hapi-live.com\/mitologia\/wp-json\/wp\/v2\/pages\/3769"}],"collection":[{"href":"https:\/\/www.hapi-live.com\/mitologia\/wp-json\/wp\/v2\/pages"}],"about":[{"href":"https:\/\/www.hapi-live.com\/mitologia\/wp-json\/wp\/v2\/types\/page"}],"author":[{"embeddable":true,"href":"https:\/\/www.hapi-live.com\/mitologia\/wp-json\/wp\/v2\/users\/1"}],"replies":[{"embeddable":true,"href":"https:\/\/www.hapi-live.com\/mitologia\/wp-json\/wp\/v2\/comments?post=3769"}],"version-history":[{"count":7,"href":"https:\/\/www.hapi-live.com\/mitologia\/wp-json\/wp\/v2\/pages\/3769\/revisions"}],"predecessor-version":[{"id":8411,"href":"https:\/\/www.hapi-live.com\/mitologia\/wp-json\/wp\/v2\/pages\/3769\/revisions\/8411"}],"wp:attachment":[{"href":"https:\/\/www.hapi-live.com\/mitologia\/wp-json\/wp\/v2\/media?parent=3769"}],"curies":[{"name":"wp","href":"https:\/\/api.w.org\/{rel}","templated":true}]}}