{"id":3625,"date":"2015-02-14T20:17:43","date_gmt":"2015-02-14T19:17:43","guid":{"rendered":"http:\/\/www.hapi-live.com\/mitologia\/?page_id=3625"},"modified":"2025-11-13T18:13:42","modified_gmt":"2025-11-13T17:13:42","slug":"indios","status":"publish","type":"page","link":"https:\/\/www.hapi-live.com\/mitologia\/indios\/","title":{"rendered":"India"},"content":{"rendered":"\n<p>La mitolog\u00eda india (hind\u00fa), se centra en una rica variedad de mitos, leyendas y narrativas, que explican el origen del universo, la naturaleza, los dioses y las ense\u00f1anzas morales,&nbsp; adem\u00e1s de explicar el mundo, ofrecen modelos de comportamiento.&nbsp;<\/p>\n\n\n\n<p>Como conceptos incluye: la reencarnaci\u00f3n, el karma y la b\u00fasqueda de la iluminaci\u00f3n. En particular la mitolog\u00eda hind\u00fa es un vasto y complejo sistema de creencias, relatos y doctrinas que abarcan una extensa gama de temas, en los que se incluye la cosmolog\u00eda, la vida de los dioses y las ense\u00f1anzas morales y \u00e9ticas.<\/p>\n\n\n\n<p>Incluye historias \u00e9picas, que ofrecen lecciones sobre el dharma, la ley de lo correcto y los ciclos de la reencarnaci\u00f3n. Aunque no solo proporciona historias, sino que tambi\u00e9n, ofrece un marco filos\u00f3fico y moral para comprender el universo y la vida humana. Estas historias se utilizan para transmitir valores, ense\u00f1anzas cercanas sobre como vivir una vida correcta y alcanzar la iluminaci\u00f3n espiritual.<\/p>\n\n\n\n<p>Dentro de la mitolog\u00eda hind\u00fa se encuentran tres ramas:<\/p>\n\n\n\n<p>Vedismo&nbsp; &#8211;&nbsp; Hinduismo&nbsp; &#8211;&nbsp; Budismo<\/p>\n\n\n\n<p class=\"has-black-color has-text-color\"><strong>VEDISMO<\/strong>, religi\u00f3n vedica antigua, basada en rituales y sacrificios (fuego, animales y ofrendas, realizadas por los brahmanes (sacerdotes) para complacer a los dioses). Los dioses mas importantes eran Indra (dios de la guerra y la lluvia), Agni (dios del fuego) y Varuna (orden c\u00f3smico).\u00a0<\/p>\n\n\n\n<p>Se reg\u00edan por los Vedas, que eran los textos religiosos mas antiguos y se componen de colecci\u00f3n de himnos, rituales y cantos sagrados; el Rig-Veda, textos sagrados que son recopilaciones del conocimiento; contiene los himnos mas antiguos; el Sama-Veda, re\u00fanela cantos; el Yasur-Veda, contiene formulas para los sacrificios; Atharva-Veda, incluye textos m\u00e1gicos y rituales.<\/p>\n\n\n\n<p><strong>HINDUISMO<\/strong>, es la evoluci\u00f3n del vedismo, mas filos\u00f3fico, diverso y devocional, y se basa en conceptos como el karma (energ\u00eda derivada de los actos de un individuo, el moksha (liberaci\u00f3n espiritual), samsara (ciclos de reencarnaci\u00f3n), atman (alma individua) y brahm\u00e1n (principio absoluto). Practica el yoga, la meditaci\u00f3n, rituales, devoci\u00f3n a los dioses y peregrinaciones. Los dioses mas importantes Brahma (creador, Vishnu (preservador), Shiva (transformador), tambi\u00e9nn a Lakshmi, Parvati Kali y Ganesha.<\/p>\n\n\n\n<p>Se consideran libros sagrados: los Vedas.colecci\u00f3n de himnos, rituales y cantos de hace mas de 3500 a\u00f1os; Upanishads, comentarios sobre los Vedas, que tratan sobre la mediaci\u00f3n y la filosof\u00eda; Mahabharata y Ramayana, epopeyas que narran historias importantes y contienen ense\u00f1anzas morales y espirituales; Bhagavad-Gita, parte del Mahabharata, considerada por muchos como una gu\u00eda concisa de las creencias y pr\u00e1cticas hind\u00faes.<\/p>\n\n\n\n<p><strong>BUDISMO<\/strong>, fundado por Siddartha Gautama (Buda). Es una reforma centrada en la experiencia espiritual y \u00e9tica, sin depender de rituales o dioses creadores. Se basa en las Cuatro Nobles Verdades (sobre el sufrimiento y su cesaci\u00f3n) y el Octuple Sendera (camino hacia la liberaci\u00f3n). No hay un dios creador, lo importantes es alcanzar, a trav\u00e9s de una experiencia personal, el Nirvana (iluminaci\u00f3n).<\/p>\n\n\n\n<p>Los libros sagrados son: Tpitaka (Theravada) y Sutras (Mahayara)<\/p>\n\n\n\n<p><\/p>\n\n\n\n<p><\/p>\n","protected":false},"excerpt":{"rendered":"<p>La mitolog\u00eda india (hind\u00fa), se centra en una rica variedad de mitos, leyendas y narrativas, que explican el origen del universo, la naturaleza, los dioses y las ense\u00f1anzas morales,&nbsp; adem\u00e1s de explicar el mundo, ofrecen modelos de comportamiento.&nbsp; Como conceptos incluye: la reencarnaci\u00f3n, el karma y la b\u00fasqueda de la iluminaci\u00f3n. En particular la mitolog\u00eda\u2026 <span class=\"read-more\"><a href=\"https:\/\/www.hapi-live.com\/mitologia\/indios\/\">Leer m\u00e1s &raquo;<\/a><\/span><\/p>\n","protected":false},"author":1,"featured_media":0,"parent":0,"menu_order":0,"comment_status":"closed","ping_status":"open","template":"","meta":[],"_links":{"self":[{"href":"https:\/\/www.hapi-live.com\/mitologia\/wp-json\/wp\/v2\/pages\/3625"}],"collection":[{"href":"https:\/\/www.hapi-live.com\/mitologia\/wp-json\/wp\/v2\/pages"}],"about":[{"href":"https:\/\/www.hapi-live.com\/mitologia\/wp-json\/wp\/v2\/types\/page"}],"author":[{"embeddable":true,"href":"https:\/\/www.hapi-live.com\/mitologia\/wp-json\/wp\/v2\/users\/1"}],"replies":[{"embeddable":true,"href":"https:\/\/www.hapi-live.com\/mitologia\/wp-json\/wp\/v2\/comments?post=3625"}],"version-history":[{"count":79,"href":"https:\/\/www.hapi-live.com\/mitologia\/wp-json\/wp\/v2\/pages\/3625\/revisions"}],"predecessor-version":[{"id":12206,"href":"https:\/\/www.hapi-live.com\/mitologia\/wp-json\/wp\/v2\/pages\/3625\/revisions\/12206"}],"wp:attachment":[{"href":"https:\/\/www.hapi-live.com\/mitologia\/wp-json\/wp\/v2\/media?parent=3625"}],"curies":[{"name":"wp","href":"https:\/\/api.w.org\/{rel}","templated":true}]}}