{"id":3568,"date":"2015-02-08T19:58:30","date_gmt":"2015-02-08T18:58:30","guid":{"rendered":"http:\/\/www.hapi-live.com\/mitologia\/?page_id=3568"},"modified":"2025-05-23T10:17:40","modified_gmt":"2025-05-23T08:17:40","slug":"egipcios","status":"publish","type":"page","link":"https:\/\/www.hapi-live.com\/mitologia\/egipcios\/","title":{"rendered":"Egipcia"},"content":{"rendered":"<p class=\"p1\"><span class=\"s1\">Es el conjunto de creencias religiosas, que se practicaba en el Antiguo Egipto, desde la \u00e9poca dinastica hasta la imposici\u00f3n del cristianismo. Al estar formada por una creencias muy particulares, est\u00e1 relacionada a un mundo de misterio y enigmas.<\/span><\/p>\n<p class=\"p1\"><span class=\"s1\">Es una de las mitolog\u00edas m\u00e1s antiguas, se origin\u00f3 hace aproximadamente m\u00e1s de 3000 a\u00f1os a.C y abarc\u00f3 tres \u00e9pocas fara\u00f3nicas: El Reino Antiguo, el Reino Medio y el Imperio Nuevo,<\/span><\/p>\n<p class=\"p1\"><span class=\"s1\">Es la evoluci\u00f3n de su pueblo, que empez\u00f3 con pocos dioses, que iban evolucionando a la vez que iban conquistando pueblos y su poder aumentaba. Al igual que<span class=\"Apple-converted-space\">&nbsp; <\/span>otras mitolog\u00edas y culturas iban a\u00f1adiendo dioses de los pa\u00edses conquistados.<\/span><\/p>\n<p class=\"p1\"><span class=\"s1\">Se caracterizaba por representar a sus dioses con cabezas de animales o mitad animales, mitad personas, de ah\u00ed que algunos animales eran sagrados. Adoraban todo aquello que implicara fuerzas naturales. Rend\u00edan adoraci\u00f3n a los muertos y prestaban una atenci\u00f3n especial a los cad\u00e1veres. Destacaban de otras cultura en el concepto de vida eterna despu\u00e9s de la muerte y en la reencarnaci\u00f3n<\/span><\/p>\n","protected":false},"excerpt":{"rendered":"<p>Es el conjunto de creencias religiosas, que se practicaba en el Antiguo Egipto, desde la \u00e9poca dinastica hasta la imposici\u00f3n del cristianismo. Al estar formada por una creencias muy particulares, est\u00e1 relacionada a un mundo de misterio y enigmas. Es una de las mitolog\u00edas m\u00e1s antiguas, se origin\u00f3 hace aproximadamente m\u00e1s de 3000 a\u00f1os a.C\u2026 <span class=\"read-more\"><a href=\"https:\/\/www.hapi-live.com\/mitologia\/egipcios\/\">Leer m\u00e1s &raquo;<\/a><\/span><\/p>\n","protected":false},"author":1,"featured_media":0,"parent":0,"menu_order":0,"comment_status":"closed","ping_status":"open","template":"","meta":[],"_links":{"self":[{"href":"https:\/\/www.hapi-live.com\/mitologia\/wp-json\/wp\/v2\/pages\/3568"}],"collection":[{"href":"https:\/\/www.hapi-live.com\/mitologia\/wp-json\/wp\/v2\/pages"}],"about":[{"href":"https:\/\/www.hapi-live.com\/mitologia\/wp-json\/wp\/v2\/types\/page"}],"author":[{"embeddable":true,"href":"https:\/\/www.hapi-live.com\/mitologia\/wp-json\/wp\/v2\/users\/1"}],"replies":[{"embeddable":true,"href":"https:\/\/www.hapi-live.com\/mitologia\/wp-json\/wp\/v2\/comments?post=3568"}],"version-history":[{"count":129,"href":"https:\/\/www.hapi-live.com\/mitologia\/wp-json\/wp\/v2\/pages\/3568\/revisions"}],"predecessor-version":[{"id":12167,"href":"https:\/\/www.hapi-live.com\/mitologia\/wp-json\/wp\/v2\/pages\/3568\/revisions\/12167"}],"wp:attachment":[{"href":"https:\/\/www.hapi-live.com\/mitologia\/wp-json\/wp\/v2\/media?parent=3568"}],"curies":[{"name":"wp","href":"https:\/\/api.w.org\/{rel}","templated":true}]}}