{"id":3454,"date":"2015-01-11T20:22:05","date_gmt":"2015-01-11T19:22:05","guid":{"rendered":"http:\/\/www.hapi-live.com\/mitologia\/?page_id=3454"},"modified":"2025-11-30T18:11:48","modified_gmt":"2025-11-30T17:11:48","slug":"griegos","status":"publish","type":"page","link":"https:\/\/www.hapi-live.com\/mitologia\/griegos\/","title":{"rendered":"Griega"},"content":{"rendered":"\n<div class=\"wp-container-3 wp-block-columns\">\n<div class=\"wp-container-1 wp-block-column\" style=\"flex-basis:33.33%\">\n<figure class=\"wp-block-image size-large\"><a href=\"https:\/\/amzn.to\/4pElL7G\"><img loading=\"lazy\" width=\"713\" height=\"1024\" src=\"https:\/\/www.hapi-live.com\/mitologia\/wp-content\/uploads\/2025\/11\/EL-OLYMPO-DE-DIOSES-GRIEGOS-PORTADA-713x1024.jpg\" alt=\"\" class=\"wp-image-12213\" srcset=\"https:\/\/www.hapi-live.com\/mitologia\/wp-content\/uploads\/2025\/11\/EL-OLYMPO-DE-DIOSES-GRIEGOS-PORTADA-713x1024.jpg 713w, https:\/\/www.hapi-live.com\/mitologia\/wp-content\/uploads\/2025\/11\/EL-OLYMPO-DE-DIOSES-GRIEGOS-PORTADA-209x300.jpg 209w, https:\/\/www.hapi-live.com\/mitologia\/wp-content\/uploads\/2025\/11\/EL-OLYMPO-DE-DIOSES-GRIEGOS-PORTADA-768x1103.jpg 768w, https:\/\/www.hapi-live.com\/mitologia\/wp-content\/uploads\/2025\/11\/EL-OLYMPO-DE-DIOSES-GRIEGOS-PORTADA-1070x1536.jpg 1070w, https:\/\/www.hapi-live.com\/mitologia\/wp-content\/uploads\/2025\/11\/EL-OLYMPO-DE-DIOSES-GRIEGOS-PORTADA-1426x2048.jpg 1426w, https:\/\/www.hapi-live.com\/mitologia\/wp-content\/uploads\/2025\/11\/EL-OLYMPO-DE-DIOSES-GRIEGOS-PORTADA-660x948.jpg 660w, https:\/\/www.hapi-live.com\/mitologia\/wp-content\/uploads\/2025\/11\/EL-OLYMPO-DE-DIOSES-GRIEGOS-PORTADA-scaled.jpg 1783w\" sizes=\"(max-width: 713px) 100vw, 713px\" \/><\/a><figcaption><a href=\"https:\/\/amzn.to\/4pElL7G\" target=\"_blank\" rel=\"noreferrer noopener\">OLYMPO GRIEGO<\/a><\/figcaption><\/figure>\n<\/div>\n\n\n\n<div class=\"wp-container-2 wp-block-column\" style=\"flex-basis:66.66%\">\n<p><strong><a rel=\"noreferrer noopener\" href=\"https:\/\/amzn.to\/4pElL7G\" target=\"_blank\">OLYMPO GRIEGO<\/a><\/strong>: un viaje completo y apasionante por el Olympo griego<br>Si te gustan los dioses, h\u00e9roes y criaturas fant\u00e1sticas de la mitolog\u00eda griega, este libro es para ti.<br><strong><a rel=\"noreferrer noopener\" href=\"https:\/\/amzn.to\/4pElL7G\" target=\"_blank\">OLYMPO GRIEGO<\/a><\/strong> es una invitaci\u00f3n a subir al Olimpo y conocer, de forma clara y entretenida, a los grandes protagonistas de las historias que han fascinado al mundo durante siglos.<br><\/p>\n\n\n\n<p>C\u00f3mpralo ahora en Amazon:  <strong><a rel=\"noreferrer noopener\" href=\"https:\/\/amzn.to\/4pElL7G\" target=\"_blank\">OLYMPO GRIEGO<\/a><\/strong><\/p>\n\n\n\n<p>\u00bfQu\u00e9 encontrar\u00e1s en este libro?<br>En sus p\u00e1ginas te espera un recorrido por:<br>\u2022 Los principales dioses del Olimpo: Zeus, Hera, Atenea, Apolo, Afrodita, Ares, Poseid\u00f3n\u2026<br>\u2022 Sus historias m\u00e1s conocidas y sorprendentes, contadas de forma ordenada y f\u00e1cil de seguir.<br>\u2022 Relatos sobre h\u00e9roes y criaturas m\u00edticas, que completan el universo del Olimpo.<br>\u2022 Detalles, curiosidades y escenas que dan vida a cada mito.<br>Es un libro pensado para disfrutar de la mitolog\u00eda, tanto si ya conoces algo como si quieres empezar desde cero.<\/p>\n\n\n\n<p>Un libro para amantes de la mitolog\u00eda de todas las edades<br><strong><a rel=\"noreferrer noopener\" href=\"https:\/\/amzn.to\/4pElL7G\" target=\"_blank\">OLYMPO GRIEGO<\/a><\/strong> est\u00e1 escrito con un lenguaje cercano y accesible, ideal para:<br>\u2022 Personas que quieren conocer o repasar la mitolog\u00eda griega.<br>\u2022 Lectores j\u00f3venes que se inician en este mundo.<br>\u2022 Familias que disfrutan leyendo y comentando historias juntos.<br>\u2022 Aficionados a la historia, la literatura fant\u00e1stica y las leyendas cl\u00e1sicas.<br>No necesitas conocimientos previos: el libro te lleva de la mano por el Olimpo, paso a paso.<br><a rel=\"noreferrer noopener\" href=\"https:\/\/amzn.to\/4pElL7G\" target=\"_blank\">Hazte con tu ejemplar aqu\u00ed<\/a><a rel=\"noreferrer noopener\" href=\"https:\/\/amzn.to\/4pElL7G\" target=\"_blank\"> <\/a><a rel=\"noreferrer noopener\" href=\"https:\/\/amzn.to\/4pElL7G\" target=\"_blank\">A<\/a><a rel=\"noreferrer noopener\" href=\"https:\/\/amzn.to\/4pElL7G\" target=\"_blank\">m<\/a><a rel=\"noreferrer noopener\" href=\"https:\/\/amzn.to\/4pElL7G\" target=\"_blank\">a<\/a><a rel=\"noreferrer noopener\" href=\"https:\/\/amzn.to\/4pElL7G\" target=\"_blank\">z<\/a><a rel=\"noreferrer noopener\" href=\"https:\/\/amzn.to\/4pElL7G\" target=\"_blank\">o<\/a><a rel=\"noreferrer noopener\" href=\"https:\/\/amzn.to\/4pElL7G\" target=\"_blank\">n<\/a><a rel=\"noreferrer noopener\" href=\"https:\/\/amzn.to\/4pElL7G\" target=\"_blank\">.<\/a><a rel=\"noreferrer noopener\" href=\"https:\/\/amzn.to\/4pElL7G\" target=\"_blank\">e<\/a><a href=\"https:\/\/amzn.to\/4pElL7G\" target=\"_blank\" rel=\"noreferrer noopener\">s<\/a><a rel=\"noreferrer noopener\" href=\"https:\/\/amzn.to\/4pElL7G\" target=\"_blank\">: OLYMPO GRIEGO<\/a><\/p>\n\n\n\n<p>\u00bfPor qu\u00e9 merece la pena tenerlo?<br>\u2022 Porque re\u00fane en un solo libro muchos de los mitos esenciales del Olimpo griego.<br>\u2022 Porque est\u00e1 pensado para que no te pierdas entre nombres, genealog\u00edas y generaciones.<br>\u2022 Porque es perfecto tanto para leer del tir\u00f3n como para abrirlo por el cap\u00edtulo que m\u00e1s te apetezca.<br>\u2022 Porque es una forma sencilla y atractiva de acercar la mitolog\u00eda griega a casa.<br>Es el tipo de libro que puedes consultar, releer y compartir.<\/p>\n\n\n\n<p><a href=\"https:\/\/amzn.to\/4pElL7G\">Compra ahora OLYMPO GRIEGO<\/a><a rel=\"noreferrer noopener\" href=\"https:\/\/amzn.to\/4pElL7G\" target=\"_blank\">https:\/\/amzn.to\/4pElL7G<\/a><br><\/p>\n\n\n\n<p>Si la mitolog\u00eda griega te atrae, no lo dejes para \u201calg\u00fan d\u00eda\u201d.Con <strong><a rel=\"noreferrer noopener\" href=\"https:\/\/amzn.to\/4pElL7G\" target=\"_blank\">OLYMPO GRIEGO<\/a><\/strong> tendr\u00e1s un compa\u00f1ero ideal para adentrarte en el Olimpo y conocer a fondo a sus dioses y sus historias.<br><a href=\"https:\/\/amzn.to\/4pElL7G\" target=\"_blank\" rel=\"noreferrer noopener\"> C\u00f3mpralo ya en Amazon.es OLYMPO GRIEGO<\/a><\/p>\n<\/div>\n<\/div>\n\n\n<p class=\"p1\"><span class=\"s1\">La<span class=\"Apple-converted-space\">\u00a0 <\/span>mitolog\u00eda griega est\u00e1 compuesta por un conjunto de relatos, mitos y leyendas, que<span class=\"Apple-converted-space\">\u00a0 <\/span>provienen de esta antigua civilizaci\u00f3n. Es muy compleja, est\u00e1 llena de dioses, monstruos, h\u00e9roes y guerras. Habla de cual es la naturaleza del mundo y de su civilizaci\u00f3n. <\/span><\/p>\n<p class=\"p1\"><span class=\"s1\">Cre\u00edan en un variopinto pante\u00f3n de dioses, los cuales podr\u00edan adoptar figuras humanas y personificaban la fuerza del Universo. Unas veces ten\u00edan un estricto sentido de la justicia y otras eran crueles y vengativos. A trav\u00e9s de sacrificios, algunas veces se alcanzaba su favor y protecci\u00f3n.<\/span><\/p>\n<p class=\"p1\"><span class=\"s1\">Los mitos y relatos se transmit\u00edan por v\u00eda oral, muchos eran anteriores a la invenci\u00f3n de la escritura. Posteriormente eran recitados, plasmados o versionados por escrito, de esta manera han llegado a nuestros d\u00edas.<\/span><\/p>","protected":false},"excerpt":{"rendered":"<p>OLYMPO GRIEGO: un viaje completo y apasionante por el Olympo griegoSi te gustan los dioses, h\u00e9roes y criaturas fant\u00e1sticas de la mitolog\u00eda griega, este libro es para ti.OLYMPO GRIEGO es una invitaci\u00f3n a subir al Olimpo y conocer, de forma clara y entretenida, a los grandes protagonistas de las historias que han fascinado al mundo\u2026 <span class=\"read-more\"><a href=\"https:\/\/www.hapi-live.com\/mitologia\/griegos\/\">Leer m\u00e1s &raquo;<\/a><\/span><\/p>\n","protected":false},"author":1,"featured_media":0,"parent":0,"menu_order":0,"comment_status":"closed","ping_status":"open","template":"","meta":[],"_links":{"self":[{"href":"https:\/\/www.hapi-live.com\/mitologia\/wp-json\/wp\/v2\/pages\/3454"}],"collection":[{"href":"https:\/\/www.hapi-live.com\/mitologia\/wp-json\/wp\/v2\/pages"}],"about":[{"href":"https:\/\/www.hapi-live.com\/mitologia\/wp-json\/wp\/v2\/types\/page"}],"author":[{"embeddable":true,"href":"https:\/\/www.hapi-live.com\/mitologia\/wp-json\/wp\/v2\/users\/1"}],"replies":[{"embeddable":true,"href":"https:\/\/www.hapi-live.com\/mitologia\/wp-json\/wp\/v2\/comments?post=3454"}],"version-history":[{"count":576,"href":"https:\/\/www.hapi-live.com\/mitologia\/wp-json\/wp\/v2\/pages\/3454\/revisions"}],"predecessor-version":[{"id":12219,"href":"https:\/\/www.hapi-live.com\/mitologia\/wp-json\/wp\/v2\/pages\/3454\/revisions\/12219"}],"wp:attachment":[{"href":"https:\/\/www.hapi-live.com\/mitologia\/wp-json\/wp\/v2\/media?parent=3454"}],"curies":[{"name":"wp","href":"https:\/\/api.w.org\/{rel}","templated":true}]}}