{"id":12057,"date":"2025-04-26T14:10:16","date_gmt":"2025-04-26T12:10:16","guid":{"rendered":"https:\/\/www.hapi-live.com\/mitologia\/?page_id=12057"},"modified":"2025-04-26T14:10:16","modified_gmt":"2025-04-26T12:10:16","slug":"galatea","status":"publish","type":"page","link":"https:\/\/www.hapi-live.com\/mitologia\/galatea\/","title":{"rendered":"GALATEA"},"content":{"rendered":"\n<figure class=\"wp-block-image size-full\"><a href=\"https:\/\/www.hapi-live.com\/mitologia\/wp-content\/uploads\/2025\/04\/galatea-portada.jpg\"><img loading=\"lazy\" width=\"625\" height=\"1000\" src=\"https:\/\/www.hapi-live.com\/mitologia\/wp-content\/uploads\/2025\/04\/galatea-portada.jpg\" alt=\"\" class=\"wp-image-12058\" srcset=\"https:\/\/www.hapi-live.com\/mitologia\/wp-content\/uploads\/2025\/04\/galatea-portada.jpg 625w, https:\/\/www.hapi-live.com\/mitologia\/wp-content\/uploads\/2025\/04\/galatea-portada-188x300.jpg 188w\" sizes=\"(max-width: 625px) 100vw, 625px\" \/><\/a><\/figure>\n\n\n\n<p>Galatea, la \u00faltima historia que hemos creado,<\/p>\n\n\n\n<p>Esperamos que te emociones ley\u00e9ndola tanto como nosotros al escribirla.<\/p>\n\n\n\n<p>Ya est\u00e1 disponible\u00a0<br>Una leyenda antigua, contada con nuevos matices\u2026<\/p>\n\n\n\n<p><a href=\"https:\/\/amzn.to\/3Emd8Nk\">Aqu\u00ed te dejamos el enlace<\/a><\/p>\n","protected":false},"excerpt":{"rendered":"<p>Galatea, la \u00faltima historia que hemos creado, Esperamos que te emociones ley\u00e9ndola tanto como nosotros al escribirla. Ya est\u00e1 disponible\u00a0Una leyenda antigua, contada con nuevos matices\u2026 Aqu\u00ed te dejamos el enlace<\/p>\n","protected":false},"author":1,"featured_media":12058,"parent":0,"menu_order":0,"comment_status":"closed","ping_status":"closed","template":"","meta":[],"_links":{"self":[{"href":"https:\/\/www.hapi-live.com\/mitologia\/wp-json\/wp\/v2\/pages\/12057"}],"collection":[{"href":"https:\/\/www.hapi-live.com\/mitologia\/wp-json\/wp\/v2\/pages"}],"about":[{"href":"https:\/\/www.hapi-live.com\/mitologia\/wp-json\/wp\/v2\/types\/page"}],"author":[{"embeddable":true,"href":"https:\/\/www.hapi-live.com\/mitologia\/wp-json\/wp\/v2\/users\/1"}],"replies":[{"embeddable":true,"href":"https:\/\/www.hapi-live.com\/mitologia\/wp-json\/wp\/v2\/comments?post=12057"}],"version-history":[{"count":1,"href":"https:\/\/www.hapi-live.com\/mitologia\/wp-json\/wp\/v2\/pages\/12057\/revisions"}],"predecessor-version":[{"id":12059,"href":"https:\/\/www.hapi-live.com\/mitologia\/wp-json\/wp\/v2\/pages\/12057\/revisions\/12059"}],"wp:featuredmedia":[{"embeddable":true,"href":"https:\/\/www.hapi-live.com\/mitologia\/wp-json\/wp\/v2\/media\/12058"}],"wp:attachment":[{"href":"https:\/\/www.hapi-live.com\/mitologia\/wp-json\/wp\/v2\/media?parent=12057"}],"curies":[{"name":"wp","href":"https:\/\/api.w.org\/{rel}","templated":true}]}}