{"id":122,"date":"2018-05-01T20:04:45","date_gmt":"2018-05-01T20:04:45","guid":{"rendered":"https:\/\/www.hapi-live.com\/fotografia\/politica-de-privacidad\/"},"modified":"2018-09-02T10:31:34","modified_gmt":"2018-09-02T10:31:34","slug":"politica-de-privacidad","status":"publish","type":"page","link":"https:\/\/www.hapi-live.com\/fotografia\/politica-de-privacidad\/","title":{"rendered":"Pol\u00edtica de Privacidad"},"content":{"rendered":"<p>En cumplimiento de lo establecido en la LOPD, le informamos que sus datos ser\u00e1n tratados en nuestros ficheros, con la finalidad del mantenimiento y cumplimiento de la relaci\u00f3n con nuestra entidad, incluyendo el env\u00edo de comunicaciones en el marco de la citada relaci\u00f3n.<\/p>\n<p>As\u00ed mismo, sus datos ser\u00e1n cedidos en todos aquellos casos en que sea necesario para el desarrollo, cumplimiento y control de la relaci\u00f3n con nuestra entidad o en los supuestos en que lo autorice una norma con rango de ley. En cumplimiento de la LOPD puede ejercitar sus derechos ARCO ante <strong>Grupo Brunat Gordillo<\/strong>, con direcci\u00f3n en <strong>Segre 53, 08030 &#8211; Barcelona<\/strong>, adjuntando fotocopia de su DNI.<\/p>\n<p>El contenido de esta comunicaci\u00f3n, as\u00ed como el de toda la documentaci\u00f3n anexa, est\u00e1 sujeta al deber de secreto y va dirigida \u00fanicamente a su destinatario. En el supuesto de que usted no fuera el destinatario, le solicitamos que nos lo indique y no comunique su contenido a terceros, procediendo a su destrucci\u00f3n.<\/p>\n<p>El prestador de servicios de la sociedad de la informaci\u00f3n deber\u00e1 tener en cuenta que, adem\u00e1s de la informaci\u00f3n que facilite a los destinatarios del servicio a trav\u00e9s de su \u201cPol\u00edtica de Privacidad\u201d, deber\u00e1 disponer de textos legales adicionales relativos a otras normativas de obligado cumplimiento, tales como, sin car\u00e1cter limitativo o excluyente, condiciones generales de la contrataci\u00f3n, propiedad intelectual e industrial, condiciones de utilizaci\u00f3n de la p\u00e1gina web y responsabilidades al respecto, o lo que la propia Ley 34\/2002, de 11 de julio, de Servicios de la Sociedad de la Informaci\u00f3n y de Comercio Electr\u00f3nico pueda establecer en cualesquiera otros preceptos al margen de su art\u00edculo 10 o incluso completar la informaci\u00f3n que, en relaci\u00f3n a \u00e9ste, fuese necesaria.<\/p>\n","protected":false},"excerpt":{"rendered":"<p>En cumplimiento de lo establecido en la LOPD, le informamos que sus datos ser\u00e1n tratados en nuestros ficheros, con la finalidad del mantenimiento y cumplimiento de la relaci\u00f3n con nuestra entidad, incluyendo el env\u00edo de comunicaciones en el marco de&#8230; <a href=\"https:\/\/www.hapi-live.com\/fotografia\/politica-de-privacidad\/\" class=\"read-more\">Read More<\/a><\/p>\n","protected":false},"author":1,"featured_media":0,"parent":0,"menu_order":0,"comment_status":"closed","ping_status":"closed","template":"","meta":[],"_links":{"self":[{"href":"https:\/\/www.hapi-live.com\/fotografia\/wp-json\/wp\/v2\/pages\/122"}],"collection":[{"href":"https:\/\/www.hapi-live.com\/fotografia\/wp-json\/wp\/v2\/pages"}],"about":[{"href":"https:\/\/www.hapi-live.com\/fotografia\/wp-json\/wp\/v2\/types\/page"}],"author":[{"embeddable":true,"href":"https:\/\/www.hapi-live.com\/fotografia\/wp-json\/wp\/v2\/users\/1"}],"replies":[{"embeddable":true,"href":"https:\/\/www.hapi-live.com\/fotografia\/wp-json\/wp\/v2\/comments?post=122"}],"version-history":[{"count":2,"href":"https:\/\/www.hapi-live.com\/fotografia\/wp-json\/wp\/v2\/pages\/122\/revisions"}],"predecessor-version":[{"id":145,"href":"https:\/\/www.hapi-live.com\/fotografia\/wp-json\/wp\/v2\/pages\/122\/revisions\/145"}],"wp:attachment":[{"href":"https:\/\/www.hapi-live.com\/fotografia\/wp-json\/wp\/v2\/media?parent=122"}],"curies":[{"name":"wp","href":"https:\/\/api.w.org\/{rel}","templated":true}]}}